{"id":25525,"date":"2018-08-07T09:03:58","date_gmt":"2018-08-07T09:03:58","guid":{"rendered":"https:\/\/wase.pt\/infiltrations-water-leaks-and-video-inspection\/"},"modified":"2018-08-07T13:41:21","modified_gmt":"2018-08-07T13:41:21","slug":"infiltrations-water-leaks-and-video-inspection","status":"publish","type":"page","link":"https:\/\/wase.pt\/en\/engineering-services\/infiltrations-water-leaks-and-video-inspection\/","title":{"rendered":"INFILTRATIONS, WATER LEAKS AND VIDEO INSPECTION"},"content":{"rendered":"<div class=\"wpb-content-wrapper\">[vc_row full_width=&#8221;stretch_row&#8221; content_placement=&#8221;middle&#8221; css=&#8221;.vc_custom_1531227954851{margin-bottom: 0px !important;background-image: url(https:\/\/wase.pt\/wp-content\/uploads\/2018\/07\/Fugas-de-agua.jpg?id=25236) !important;background-position: center !important;background-repeat: no-repeat !important;background-size: cover !important;}&#8221; el_class=&#8221;new-h1-style&#8221;][vc_column][vc_column_text css_animation=&#8221;bottom-to-top&#8221;]\n<div class=\"title-xlarge\" style=\"text-align: center;\"><span style=\"color: #ffffff;\">INFILTRATIONS, ROTORS AND LEAKS<\/span><\/div>\n[\/vc_column_text][\/vc_column][\/vc_row][vc_row equal_height=&#8221;yes&#8221;][vc_column width=&#8221;1\/2&#8243; offset=&#8221;vc_col-lg-4 vc_col-md-4 vc_col-xs-12&#8243;]<div class=\"gem-textbox centered-box\" ><div class=\"gem-textbox-picture centered-box\"><img decoding=\"async\" src=\"https:\/\/wase.pt\/wp-content\/uploads\/2018\/07\/wase-maquina-fugas.jpg\" alt=\"#\" class=\"img-responsive\" \/><\/div><div class=\"gem-textbox-inner gem-textbox-after-image\" style=\"\"><div class=\"gem-textbox-content\" style=\"background-color: #f0f3f2;background-position: center center;\">[vc_column_text]\n<h5 style=\"text-align: center;\">Detection of water leaks in underground pipelines<\/h5>\n[\/vc_column_text]<div class=\"clearboth\"><\/div><div class=\"gem-divider \" style=\"margin-top: 20px;\"><\/div>[vc_column_text css=&#8221;.vc_custom_1531235036938{padding-right: 40px !important;padding-left: 40px !important;}&#8221;]\n<ul>\n<li>State-of-the-art equipment<\/li>\n<li>Real-time data<\/li>\n<\/ul>\n[\/vc_column_text]<div class=\"clearboth\"><\/div><div class=\"gem-divider \" style=\"margin-top: -10px;\"><\/div><\/div><\/div><\/div>[\/vc_column][vc_column width=&#8221;1\/2&#8243; offset=&#8221;vc_col-lg-4 vc_col-md-4 vc_col-xs-12&#8243;]<div class=\"gem-textbox centered-box\" ><div class=\"gem-textbox-picture centered-box\"><img decoding=\"async\" src=\"https:\/\/wase.pt\/wp-content\/uploads\/2018\/07\/wase-maquina-infiltracoes.jpg\" alt=\"#\" class=\"img-responsive\" \/><\/div><div class=\"gem-textbox-inner gem-textbox-after-image\" style=\"\"><div class=\"gem-textbox-content\" style=\"background-color: #f0f3f2;background-position: center center;\">[vc_column_text]\n<h5 style=\"text-align: center;\">Detection of infiltrations in buildings<\/h5>\n[\/vc_column_text]<div class=\"clearboth\"><\/div><div class=\"gem-divider \" style=\"margin-top: 20px;\"><\/div>[vc_column_text css=&#8221;.vc_custom_1530809990698{padding-right: 40px !important;padding-left: 40px !important;}&#8221;]\n<ul>\n<li>Without any intrusion<\/li>\n<li>Thermal imaging<\/li>\n<\/ul>\n[\/vc_column_text]<div class=\"clearboth\"><\/div><div class=\"gem-divider \" style=\"margin-top: -10px;\"><\/div><\/div><\/div><\/div>[\/vc_column][vc_column offset=&#8221;vc_col-lg-4 vc_col-md-4 vc_col-xs-12&#8243;]<div class=\"gem-textbox centered-box\" ><div class=\"gem-textbox-picture centered-box\"><img decoding=\"async\" src=\"https:\/\/wase.pt\/wp-content\/uploads\/2018\/07\/wase-maquina-video.jpg\" alt=\"#\" class=\"img-responsive\" \/><\/div><div class=\"gem-textbox-inner gem-textbox-after-image\" style=\"\"><div class=\"gem-textbox-content\" style=\"background-color: #f0f3f2;background-position: center center;\">[vc_column_text]\n<h5 style=\"text-align: center;\">Video inspection in drainage and wastewater networks<\/h5>\n[\/vc_column_text]<div class=\"clearboth\"><\/div><div class=\"gem-divider \" style=\"margin-top: 20px;\"><\/div>[vc_column_text css=&#8221;.vc_custom_1531235088238{padding-right: 40px !important;padding-left: 40px !important;}&#8221;]\n<ul>\n<li>Detection of anomalies<\/li>\n<li>Network-specific sites with limited access<\/li>\n<\/ul>\n[\/vc_column_text]<div class=\"clearboth\"><\/div><div class=\"gem-divider \" style=\"margin-top: -10px;\"><\/div><\/div><\/div><\/div>[\/vc_column][\/vc_row][vc_row el_class=&#8221;row-this-tabs-kvik&#8221;][vc_column]<div class=\"clearboth\"><\/div><div class=\"gem-divider \" style=\"margin-top: 85px;\"><\/div>[vc_column_text css_animation=&#8221;none&#8221;]\n<h2 style=\"text-align: center;\"><span style=\"color: #3c3950;\"><span class=\"light\">WE USE<\/span> LAST GENERATION EQUIPMENT<\/span><\/h2>\n[\/vc_column_text]<div class=\"clearboth\"><\/div><div class=\"gem-divider \" style=\"margin-top: 40px;\"><\/div>[vc_column_text css_animation=&#8221;none&#8221;]\n<p style=\"text-align: center;\">In order to minimize time and costs, our technicians use state-of-the-art technology that allows you to identify problems immediately. So we promote possible solutions and decision making more efficiently.<\/p>\n[\/vc_column_text]<div class=\"clearboth\"><\/div><div class=\"gem-divider \" style=\"margin-top: 85px;\"><\/div>[vc_tta_tour shape=&#8221;square&#8221; spacing=&#8221;25&#8243; gap=&#8221;15&#8243; alignment=&#8221;center&#8221; active_section=&#8221;1&#8243;][vc_tta_section title=&#8221;LEAKS&#8221; tab_id=&#8221;dete\u00e7\u00e3o-de-fugas-de-\u00e1gua&#8221;][vc_row_inner][vc_column_inner width=&#8221;1\/2&#8243;][vc_column_text]The leak detection service is performed using state-of-the-art equipment. It is possible to detect existing water leaks in a network by applying intelligent leak detection and tracing systems that collect acoustic data in real time. It is a simple method that covers most situations. For effective results it is fundamental the existence of records of the conduct, or if it is a private client, it is essential to know the place of passage of the conduct.[\/vc_column_text][\/vc_column_inner][vc_column_inner width=&#8221;1\/2&#8243;][vc_images_carousel images=&#8221;25253,25255,25257,25259&#8243; img_size=&#8221;full&#8221; onclick=&#8221;link_no&#8221; autoplay=&#8221;yes&#8221; title=&#8221;Water Leakage Detection&#8221;][\/vc_column_inner][\/vc_row_inner][\/vc_tta_section][vc_tta_section title=&#8221;INFILTRATIONS&#8221; tab_id=&#8221;infiltra\u00e7\u00f5es&#8221;][vc_row_inner][vc_column_inner width=&#8221;1\/2&#8243;][vc_column_text]Detection of infiltrations in buildings without intrusion.<\/p>\n<p>In this work we detect, without any intrusion, the origin of infiltrations in buildings. It consists of the collection of thermal and visual images in walls, floors and ceilings which will allow to determine the existence of anomalies and \/ or constructive defects in the level of insulation, waterproofing or water leaks in pipes.<br \/>\nThe analysis is performed on the spot by means of a high resolution thermal imager, with thermal images (thermograms) and visual images being collected.<br \/>\nAfter the collection of the thermographic data, a technical report recording all the anomalies is carried out.[\/vc_column_text][\/vc_column_inner][vc_column_inner width=&#8221;1\/2&#8243;][vc_images_carousel images=&#8221;25261,25263,25265&#8243; img_size=&#8221;medium&#8221; onclick=&#8221;link_no&#8221; autoplay=&#8221;yes&#8221; wrap=&#8221;yes&#8221; title=&#8221;INFILTRATIONS&#8221;][\/vc_column_inner][\/vc_row_inner][\/vc_tta_section][vc_tta_section title=&#8221;VIDEO INSPECTION&#8221; tab_id=&#8221;Inspe\u00e7\u00e3o-v\u00eddeo&#8221;][vc_row_inner][vc_column_inner width=&#8221;1\/2&#8243;][vc_column_text]\u2022 Detection of relevant structural anomalies in pipes, which interfere with the proper functioning of the network.<br \/>\n\u2022 We address the need for urgent repair or rehabilitation at specific sites in the network.<br \/>\n\u2022 Rehabilitation of the conduct.[\/vc_column_text][\/vc_column_inner][vc_column_inner width=&#8221;1\/2&#8243;][vc_images_carousel images=&#8221;25267,25269,25271,25273&#8243; img_size=&#8221;medium&#8221; onclick=&#8221;link_no&#8221; autoplay=&#8221;yes&#8221; wrap=&#8221;yes&#8221; title=&#8221;VIDEO INSPECTION&#8221;][\/vc_column_inner][\/vc_row_inner][\/vc_tta_section][\/vc_tta_tour]<div class=\"clearboth\"><\/div><div class=\"gem-divider \" style=\"margin-top: 100px;\"><\/div>[\/vc_column][\/vc_row][vc_row][vc_column][vc_column_text]\n[\/vc_column_text][\/vc_column][\/vc_row][vc_row css=&#8221;.vc_custom_1456818189391{margin-bottom: 0px !important;}&#8221;][vc_column]<div id=\"fullwidth-block-69f033f99b6fd\" class=\"fullwidth-block clearfix\"  style=\"background-color: #002e78;padding-top: 65px;padding-bottom: 55px;\"><script type=\"text\/javascript\">if (typeof(gem_fix_fullwidth_position) == \"function\") { gem_fix_fullwidth_position(document.getElementById(\"fullwidth-block-69f033f99b6fd\")); }<\/script><div class=\"fullwidth-block-inner\"><div class=\"container\">[vc_row_inner][vc_column_inner width=&#8221;1\/2&#8243; offset=&#8221;vc_col-lg-6 vc_col-md-6&#8243;][vc_column_text css_animation=&#8221;none&#8221; css=&#8221;.vc_custom_1531237698813{padding-top: 25px !important;}&#8221;]\n<div class=\"styled-subtitle\" style=\"text-align: right;\"><span style=\"color: #ffffff;\">We have the right solution for you!<\/span><\/div>\n[\/vc_column_text][\/vc_column_inner][vc_column_inner width=&#8221;1\/2&#8243; offset=&#8221;vc_col-lg-2 vc_col-md-12&#8243;]<div class=\"clearboth\"><\/div><div class=\"gem-divider \" style=\"margin-top: -12px;\"><\/div><div class=\"gem-button-container gem-button-position-center lazy-loading\"><a class=\"gem-button gem-button-size-medium gem-button-style-outline gem-button-text-weight-normal gem-button-border-3 lazy-loading-item\"data-ll-effect=\"drop-right-without-wrap\" style=\"border-radius: 25px;border-color: #33cc33;color: #33cc33;\" onmouseleave=\"this.style.borderColor='#33cc33';this.style.backgroundColor='transparent';this.style.color='#33cc33';\" onmouseenter=\"this.style.backgroundColor='#33cc33';this.style.color='#ffffff';\" href=\"https:\/\/wase.pt\/en\/contacts\/\" target=\"_self\">CONTACT US<\/a><\/div> [\/vc_column_inner][\/vc_row_inner]<\/div><\/div><\/div>[\/vc_column][\/vc_row]\n<\/div>","protected":false},"excerpt":{"rendered":"<p>[vc_row full_width=&#8221;stretch_row&#8221; content_placement=&#8221;middle&#8221; css=&#8221;.vc_custom_1531227954851{margin-bottom: 0px !important;background-image: url(https:\/\/wase.pt\/wp-content\/uploads\/2018\/07\/Fugas-de-agua.jpg?id=25236) !important;background-position: center !important;background-repeat: no-repeat !important;background-size: cover !important;}&#8221; el_class=&#8221;new-h1-style&#8221;][vc_column][vc_column_text css_animation=&#8221;bottom-to-top&#8221;] INFILTRATIONS, ROTORS AND LEAKS&#8230;<\/p>\n","protected":false},"author":4,"featured_media":0,"parent":25529,"menu_order":0,"comment_status":"closed","ping_status":"closed","template":"","meta":{"_acf_changed":false,"_joinchat":[],"footnotes":""},"class_list":["post-25525","page","type-page","status-publish"],"acf":[],"_links":{"self":[{"href":"https:\/\/wase.pt\/en\/wp-json\/wp\/v2\/pages\/25525","targetHints":{"allow":["GET"]}}],"collection":[{"href":"https:\/\/wase.pt\/en\/wp-json\/wp\/v2\/pages"}],"about":[{"href":"https:\/\/wase.pt\/en\/wp-json\/wp\/v2\/types\/page"}],"author":[{"embeddable":true,"href":"https:\/\/wase.pt\/en\/wp-json\/wp\/v2\/users\/4"}],"replies":[{"embeddable":true,"href":"https:\/\/wase.pt\/en\/wp-json\/wp\/v2\/comments?post=25525"}],"version-history":[{"count":0,"href":"https:\/\/wase.pt\/en\/wp-json\/wp\/v2\/pages\/25525\/revisions"}],"up":[{"embeddable":true,"href":"https:\/\/wase.pt\/en\/wp-json\/wp\/v2\/pages\/25529"}],"wp:attachment":[{"href":"https:\/\/wase.pt\/en\/wp-json\/wp\/v2\/media?parent=25525"}],"curies":[{"name":"wp","href":"https:\/\/api.w.org\/{rel}","templated":true}]}}